{"id":3545,"date":"2022-05-16T10:29:21","date_gmt":"2022-05-16T09:29:21","guid":{"rendered":"https:\/\/fidev.nl\/wp9\/p\/dracaena-sunray-17cm\/"},"modified":"2022-05-16T13:26:59","modified_gmt":"2022-05-16T12:26:59","slug":"dracaena-sunray-17cm","status":"publish","type":"product","link":"https:\/\/greenisall.com\/de\/p\/dracaena-sunray-17cm\/","title":{"rendered":"Dracaena Sunray 17cm"},"content":{"rendered":"<p>Diese Drachenbaumart hat schmale, gl\u00e4nzende, gelbe Bl\u00e4tter mit einem gr\u00fcnen Rand. Sie wird oft als Zimmerpflanze gew\u00e4hlt, weil sie anmutig auf einem St\u00e4ngel w\u00e4chst und relativ wenig Platz einnimmt, aber dennoch zu einem gr\u00fcnen Interieur beitr\u00e4gt.<\/p>\n","protected":false},"excerpt":{"rendered":"<p>Nicht nur wir Menschen sorgen f\u00fcr die Pflanzen &#8211; auch die Pflanzen sorgen f\u00fcr uns! Laut der NASA Clean Air Studie ist der Drachenbaum ein ausgezeichneter Luftreiniger. Die Pflanze wird oft als Zimmerpflanze oder in \u00f6ffentlichen R\u00e4umen verwendet. Auch im B\u00fcro verrichtet er seinen Dienst, indem er Schadstoffe aus Druckern und M\u00f6beln in Sauerstoff umwandelt, den er dann wieder an die Luft abgibt.<\/p>\n","protected":false},"featured_media":3441,"comment_status":"closed","ping_status":"open","template":"","meta":{"_acf_changed":false},"product_brand":[],"product_cat":[255],"product_tag":[],"class_list":{"0":"post-3545","1":"product","2":"type-product","3":"status-publish","4":"has-post-thumbnail","6":"product_cat-furniture","7":"pa_location-halbschattig","8":"pa_plant-type-dracaena","9":"pa_potsize-17-0","10":"pa_room-schlafzimmer","11":"pa_room-wohnzimmer","12":"pa_size-m","14":"first","15":"instock","16":"product-type-simple"},"acf":[],"_links":{"self":[{"href":"https:\/\/greenisall.com\/de\/wp-json\/wp\/v2\/product\/3545","targetHints":{"allow":["GET"]}}],"collection":[{"href":"https:\/\/greenisall.com\/de\/wp-json\/wp\/v2\/product"}],"about":[{"href":"https:\/\/greenisall.com\/de\/wp-json\/wp\/v2\/types\/product"}],"replies":[{"embeddable":true,"href":"https:\/\/greenisall.com\/de\/wp-json\/wp\/v2\/comments?post=3545"}],"wp:featuredmedia":[{"embeddable":true,"href":"https:\/\/greenisall.com\/de\/wp-json\/wp\/v2\/media\/3441"}],"wp:attachment":[{"href":"https:\/\/greenisall.com\/de\/wp-json\/wp\/v2\/media?parent=3545"}],"wp:term":[{"taxonomy":"product_brand","embeddable":true,"href":"https:\/\/greenisall.com\/de\/wp-json\/wp\/v2\/product_brand?post=3545"},{"taxonomy":"product_cat","embeddable":true,"href":"https:\/\/greenisall.com\/de\/wp-json\/wp\/v2\/product_cat?post=3545"},{"taxonomy":"product_tag","embeddable":true,"href":"https:\/\/greenisall.com\/de\/wp-json\/wp\/v2\/product_tag?post=3545"}],"curies":[{"name":"wp","href":"https:\/\/api.w.org\/{rel}","templated":true}]}}