{"id":3546,"date":"2022-05-16T10:29:21","date_gmt":"2022-05-16T09:29:21","guid":{"rendered":"https:\/\/fidev.nl\/wp9\/p\/alocasia-cucullata-17cm\/"},"modified":"2022-05-16T13:27:00","modified_gmt":"2022-05-16T12:27:00","slug":"alocasia-cucullata-17cm","status":"publish","type":"product","link":"https:\/\/greenisall.com\/de\/p\/alocasia-cucullata-17cm\/","title":{"rendered":"Alocasia Cucullata 17cm"},"content":{"rendered":"<p>Die Alocasia ist auch unter dem niederl\u00e4ndischen Namen &#8218;olifantsoor&#8216; bekannt. Diesen Namen verdankt die Pflanze ihren gro\u00dfen Bl\u00e4ttern, die an die Ohren eines Elefanten erinnern. Die Alocasia Cucullata hat viele Zweige. Die St\u00e4ngel sind lang und haben hellgr\u00fcne Bl\u00e4tter. Wenn der Boden zu trocken ist, fallen die Bl\u00e4tter ab. Diese Pflanze ist ein Luftreiniger, sie sorgt also auch f\u00fcr Sie!<\/p>\n","protected":false},"excerpt":{"rendered":"<p>Alocasia ist besser bekannt unter dem Namen Elefantenohr. Gro\u00dfe Bl\u00e4tter an langen St\u00e4mmen sind das Markenzeichen von Alocasia Cucullata.<\/p>\n","protected":false},"featured_media":3445,"comment_status":"closed","ping_status":"open","template":"","meta":{"_acf_changed":false},"product_brand":[],"product_cat":[254],"product_tag":[],"class_list":{"0":"post-3546","1":"product","2":"type-product","3":"status-publish","4":"has-post-thumbnail","6":"product_cat-relaxing","7":"pa_location-halbschattig","8":"pa_plant-type-alocasia","9":"pa_potsize-17-0","10":"pa_room-schlafzimmer","11":"pa_room-wohnzimmer","12":"pa_size-m","14":"first","15":"instock","16":"product-type-simple"},"acf":[],"_links":{"self":[{"href":"https:\/\/greenisall.com\/de\/wp-json\/wp\/v2\/product\/3546","targetHints":{"allow":["GET"]}}],"collection":[{"href":"https:\/\/greenisall.com\/de\/wp-json\/wp\/v2\/product"}],"about":[{"href":"https:\/\/greenisall.com\/de\/wp-json\/wp\/v2\/types\/product"}],"replies":[{"embeddable":true,"href":"https:\/\/greenisall.com\/de\/wp-json\/wp\/v2\/comments?post=3546"}],"wp:featuredmedia":[{"embeddable":true,"href":"https:\/\/greenisall.com\/de\/wp-json\/wp\/v2\/media\/3445"}],"wp:attachment":[{"href":"https:\/\/greenisall.com\/de\/wp-json\/wp\/v2\/media?parent=3546"}],"wp:term":[{"taxonomy":"product_brand","embeddable":true,"href":"https:\/\/greenisall.com\/de\/wp-json\/wp\/v2\/product_brand?post=3546"},{"taxonomy":"product_cat","embeddable":true,"href":"https:\/\/greenisall.com\/de\/wp-json\/wp\/v2\/product_cat?post=3546"},{"taxonomy":"product_tag","embeddable":true,"href":"https:\/\/greenisall.com\/de\/wp-json\/wp\/v2\/product_tag?post=3546"}],"curies":[{"name":"wp","href":"https:\/\/api.w.org\/{rel}","templated":true}]}}