{"id":3547,"date":"2022-05-16T10:29:21","date_gmt":"2022-05-16T09:29:21","guid":{"rendered":"https:\/\/fidev.nl\/wp9\/p\/alocasia-zebrina-17cm\/"},"modified":"2022-05-16T13:27:01","modified_gmt":"2022-05-16T12:27:01","slug":"alocasia-zebrina-17cm","status":"publish","type":"product","link":"https:\/\/greenisall.com\/de\/p\/alocasia-zebrina-17cm\/","title":{"rendered":"Alocasia Zebrina 17cm"},"content":{"rendered":"<p>Die Alocasia ist eine atemberaubend sch\u00f6ne Zimmerpflanze mit gro\u00dfen Bl\u00e4ttern. Obwohl die Alocasia der \u00dcbersetzung nach ein Baum ist, der in den Himmel w\u00e4chst, passt diese sch\u00f6ne Zimmerpflanze in jedes Interieur. Die Pflanze w\u00e4chst eher langsam, und trotz der gro\u00dfen, herzf\u00f6rmigen Bl\u00e4tter wirkt sie durch die hohen, glatten St\u00e4ngel, die aus einer Knolle wachsen, luftig und stilisiert.<\/p>\n","protected":false},"excerpt":{"rendered":"<p>Alocasia ist besser bekannt als Elefantenohr. Gro\u00dfe Bl\u00e4tter an langen, gestreiften St\u00e4mmen sind das Markenzeichen von Alocasia zebrina.<\/p>\n","protected":false},"featured_media":3449,"comment_status":"closed","ping_status":"open","template":"","meta":{"_acf_changed":false},"product_brand":[],"product_cat":[254],"product_tag":[],"class_list":{"0":"post-3547","1":"product","2":"type-product","3":"status-publish","4":"has-post-thumbnail","6":"product_cat-relaxing","7":"pa_location-halbschattig","8":"pa_plant-type-alocasia","9":"pa_potsize-17-0","10":"pa_room-schlafzimmer","11":"pa_room-wohnzimmer","12":"pa_size-m","14":"first","15":"instock","16":"product-type-simple"},"acf":[],"_links":{"self":[{"href":"https:\/\/greenisall.com\/de\/wp-json\/wp\/v2\/product\/3547","targetHints":{"allow":["GET"]}}],"collection":[{"href":"https:\/\/greenisall.com\/de\/wp-json\/wp\/v2\/product"}],"about":[{"href":"https:\/\/greenisall.com\/de\/wp-json\/wp\/v2\/types\/product"}],"replies":[{"embeddable":true,"href":"https:\/\/greenisall.com\/de\/wp-json\/wp\/v2\/comments?post=3547"}],"wp:featuredmedia":[{"embeddable":true,"href":"https:\/\/greenisall.com\/de\/wp-json\/wp\/v2\/media\/3449"}],"wp:attachment":[{"href":"https:\/\/greenisall.com\/de\/wp-json\/wp\/v2\/media?parent=3547"}],"wp:term":[{"taxonomy":"product_brand","embeddable":true,"href":"https:\/\/greenisall.com\/de\/wp-json\/wp\/v2\/product_brand?post=3547"},{"taxonomy":"product_cat","embeddable":true,"href":"https:\/\/greenisall.com\/de\/wp-json\/wp\/v2\/product_cat?post=3547"},{"taxonomy":"product_tag","embeddable":true,"href":"https:\/\/greenisall.com\/de\/wp-json\/wp\/v2\/product_tag?post=3547"}],"curies":[{"name":"wp","href":"https:\/\/api.w.org\/{rel}","templated":true}]}}