{"id":3548,"date":"2022-05-16T10:29:21","date_gmt":"2022-05-16T09:29:21","guid":{"rendered":"https:\/\/fidev.nl\/wp9\/p\/alocasia-cucullata-21cm\/"},"modified":"2022-05-16T13:27:02","modified_gmt":"2022-05-16T12:27:02","slug":"alocasia-cucullata-21cm","status":"publish","type":"product","link":"https:\/\/greenisall.com\/de\/p\/alocasia-cucullata-21cm\/","title":{"rendered":"Alocasia Cucullata 21cm"},"content":{"rendered":"<p>Die Alocasia ist auch unter ihrem niederl\u00e4ndischen Namen bekannt: olifantsoor. Diesen Namen verdankt die Pflanze ihren gro\u00dfen Bl\u00e4ttern, die an die Ohren eines Elefanten erinnern. Die Alocasia Cucullata hat lange St\u00e4mme mit hellgr\u00fcnen Bl\u00e4ttern. Wenn der Boden zu trocken ist, fallen die Bl\u00e4tter ab. Die Alocasia Cucullata hat viele Zweige. Diese Pflanze k\u00fcmmert sich auch um Sie! Es handelt sich n\u00e4mlich um eine Luftreinigungspflanze.<\/p>\n","protected":false},"excerpt":{"rendered":"<p>Alocasia ist besser bekannt unter dem Namen Elefantenohr. Gro\u00dfe Bl\u00e4tter an langen St\u00e4mmen sind das Markenzeichen von Alocasia Cucullata.<\/p>\n","protected":false},"featured_media":3453,"comment_status":"closed","ping_status":"open","template":"","meta":{"_acf_changed":false},"product_brand":[],"product_cat":[254],"product_tag":[],"class_list":{"0":"post-3548","1":"product","2":"type-product","3":"status-publish","4":"has-post-thumbnail","6":"product_cat-relaxing","7":"pa_location-halbschattig","8":"pa_plant-type-alocasia","9":"pa_potsize-21-0","10":"pa_room-schlafzimmer","11":"pa_room-wohnzimmer","12":"pa_size-m","14":"first","15":"instock","16":"product-type-simple"},"acf":[],"_links":{"self":[{"href":"https:\/\/greenisall.com\/de\/wp-json\/wp\/v2\/product\/3548","targetHints":{"allow":["GET"]}}],"collection":[{"href":"https:\/\/greenisall.com\/de\/wp-json\/wp\/v2\/product"}],"about":[{"href":"https:\/\/greenisall.com\/de\/wp-json\/wp\/v2\/types\/product"}],"replies":[{"embeddable":true,"href":"https:\/\/greenisall.com\/de\/wp-json\/wp\/v2\/comments?post=3548"}],"wp:featuredmedia":[{"embeddable":true,"href":"https:\/\/greenisall.com\/de\/wp-json\/wp\/v2\/media\/3453"}],"wp:attachment":[{"href":"https:\/\/greenisall.com\/de\/wp-json\/wp\/v2\/media?parent=3548"}],"wp:term":[{"taxonomy":"product_brand","embeddable":true,"href":"https:\/\/greenisall.com\/de\/wp-json\/wp\/v2\/product_brand?post=3548"},{"taxonomy":"product_cat","embeddable":true,"href":"https:\/\/greenisall.com\/de\/wp-json\/wp\/v2\/product_cat?post=3548"},{"taxonomy":"product_tag","embeddable":true,"href":"https:\/\/greenisall.com\/de\/wp-json\/wp\/v2\/product_tag?post=3548"}],"curies":[{"name":"wp","href":"https:\/\/api.w.org\/{rel}","templated":true}]}}