{"id":3550,"date":"2022-05-16T10:29:21","date_gmt":"2022-05-16T09:29:21","guid":{"rendered":"https:\/\/fidev.nl\/wp9\/p\/schefflera-nora-21cm\/"},"modified":"2022-05-16T13:27:04","modified_gmt":"2022-05-16T12:27:04","slug":"schefflera-nora-21cm","status":"publish","type":"product","link":"https:\/\/greenisall.com\/de\/p\/schefflera-nora-21cm\/","title":{"rendered":"Schefflera Nora 21cm"},"content":{"rendered":"<p>Die Bl\u00e4tter der Strahlenaralie sehen aus wie kleine Schirmchen: ein Blattstengel mit vielen, ovalen Einzelbl\u00e4ttern. Das Blatt gl\u00e4nzt und ist etwas ledrig. Die Strahlenaralie bleibt einem auch mit wenige Pflege jahrelang treu. Diese Variante w\u00e4chst kugelf\u00f6rmig auf einem St\u00e4mmchen, wodurch die Pflanze auch in kleinen R\u00e4umen zierlich wirkt.<\/p>\n","protected":false},"excerpt":{"rendered":"<p>Die Schefflera ist besser bekannt als der Fingerbaum. Die Bl\u00e4tter der Pflanze haben eine fingerartige Form.<\/p>\n","protected":false},"featured_media":3461,"comment_status":"closed","ping_status":"open","template":"","meta":{"_acf_changed":false},"product_brand":[],"product_cat":[254],"product_tag":[],"class_list":{"0":"post-3550","1":"product","2":"type-product","3":"status-publish","4":"has-post-thumbnail","6":"product_cat-relaxing","7":"pa_location-halbschattig","8":"pa_plant-type-schefflera","9":"pa_potsize-21-0","10":"pa_room-wohnzimmer","11":"pa_size-m","13":"first","14":"instock","15":"product-type-simple"},"acf":[],"_links":{"self":[{"href":"https:\/\/greenisall.com\/de\/wp-json\/wp\/v2\/product\/3550","targetHints":{"allow":["GET"]}}],"collection":[{"href":"https:\/\/greenisall.com\/de\/wp-json\/wp\/v2\/product"}],"about":[{"href":"https:\/\/greenisall.com\/de\/wp-json\/wp\/v2\/types\/product"}],"replies":[{"embeddable":true,"href":"https:\/\/greenisall.com\/de\/wp-json\/wp\/v2\/comments?post=3550"}],"wp:featuredmedia":[{"embeddable":true,"href":"https:\/\/greenisall.com\/de\/wp-json\/wp\/v2\/media\/3461"}],"wp:attachment":[{"href":"https:\/\/greenisall.com\/de\/wp-json\/wp\/v2\/media?parent=3550"}],"wp:term":[{"taxonomy":"product_brand","embeddable":true,"href":"https:\/\/greenisall.com\/de\/wp-json\/wp\/v2\/product_brand?post=3550"},{"taxonomy":"product_cat","embeddable":true,"href":"https:\/\/greenisall.com\/de\/wp-json\/wp\/v2\/product_cat?post=3550"},{"taxonomy":"product_tag","embeddable":true,"href":"https:\/\/greenisall.com\/de\/wp-json\/wp\/v2\/product_tag?post=3550"}],"curies":[{"name":"wp","href":"https:\/\/api.w.org\/{rel}","templated":true}]}}