{"id":3552,"date":"2022-05-16T10:29:21","date_gmt":"2022-05-16T09:29:21","guid":{"rendered":"https:\/\/fidev.nl\/wp9\/p\/strelitzia-nicolai-21cm\/"},"modified":"2022-05-16T13:27:06","modified_gmt":"2022-05-16T12:27:06","slug":"strelitzia-nicolai-21cm","status":"publish","type":"product","link":"https:\/\/greenisall.com\/de\/p\/strelitzia-nicolai-21cm\/","title":{"rendered":"Strelitzia Nicolai 21cm"},"content":{"rendered":"<p>Die Strelitzia ist eine sch\u00f6ne palmenf\u00f6rmige Zimmerpflanze. Die gro\u00dfen Bl\u00e4tter haben eine spitze Spitze und laufen nach oben hin breit aus. Wenn die Pflanze zufrieden ist, kann sie betr\u00e4chtlich in die H\u00f6he wachsen. Bei der Wahl des Ortes im Haus ist Folgendes zu beachten<\/p>\n","protected":false},"excerpt":{"rendered":"<p>Die Strelitzia ist eine sch\u00f6ne Zimmerpflanze, die mit ihren frischgr\u00fcnen Blattfarben in jedem Interieur eingesetzt werden kann.<\/p>\n","protected":false},"featured_media":3469,"comment_status":"closed","ping_status":"open","template":"","meta":{"_acf_changed":false},"product_brand":[],"product_cat":[255],"product_tag":[],"class_list":{"0":"post-3552","1":"product","2":"type-product","3":"status-publish","4":"has-post-thumbnail","6":"product_cat-furniture","7":"pa_location-halbschattig","8":"pa_plant-type-strelitzia","9":"pa_potsize-21-0","10":"pa_room-wohnzimmer","11":"pa_size-m","13":"first","14":"instock","15":"product-type-simple"},"acf":[],"_links":{"self":[{"href":"https:\/\/greenisall.com\/de\/wp-json\/wp\/v2\/product\/3552","targetHints":{"allow":["GET"]}}],"collection":[{"href":"https:\/\/greenisall.com\/de\/wp-json\/wp\/v2\/product"}],"about":[{"href":"https:\/\/greenisall.com\/de\/wp-json\/wp\/v2\/types\/product"}],"replies":[{"embeddable":true,"href":"https:\/\/greenisall.com\/de\/wp-json\/wp\/v2\/comments?post=3552"}],"wp:featuredmedia":[{"embeddable":true,"href":"https:\/\/greenisall.com\/de\/wp-json\/wp\/v2\/media\/3469"}],"wp:attachment":[{"href":"https:\/\/greenisall.com\/de\/wp-json\/wp\/v2\/media?parent=3552"}],"wp:term":[{"taxonomy":"product_brand","embeddable":true,"href":"https:\/\/greenisall.com\/de\/wp-json\/wp\/v2\/product_brand?post=3552"},{"taxonomy":"product_cat","embeddable":true,"href":"https:\/\/greenisall.com\/de\/wp-json\/wp\/v2\/product_cat?post=3552"},{"taxonomy":"product_tag","embeddable":true,"href":"https:\/\/greenisall.com\/de\/wp-json\/wp\/v2\/product_tag?post=3552"}],"curies":[{"name":"wp","href":"https:\/\/api.w.org\/{rel}","templated":true}]}}