{"id":3553,"date":"2022-05-16T10:29:21","date_gmt":"2022-05-16T09:29:21","guid":{"rendered":"https:\/\/fidev.nl\/wp9\/p\/hedera-wonder-in-hangpot-17cm\/"},"modified":"2022-05-16T13:27:09","modified_gmt":"2022-05-16T12:27:09","slug":"hedera-wonder-in-hangpot-17cm","status":"publish","type":"product","link":"https:\/\/greenisall.com\/de\/p\/hedera-wonder-in-hangpot-17cm\/","title":{"rendered":"Hedera Wonder in hangpot 17cm"},"content":{"rendered":"<p>Ein luftreinigender, leichter gr\u00fcner Freund! Der Efeu sorgt f\u00fcr eine bessere Luftqualit\u00e4t im Raum. Die Pflanze absorbiert Schadstoffe aus der Luft und wandelt sie in Sauerstoff um. Au\u00dferdem ist der Efeu sehr pflegeleicht: einmal pro Woche gie\u00dfen, einmal vergessen ist keine Katastrophe. Die Pflanze braucht keine N\u00e4hrstoffe. Wenn Sie m\u00f6chten, k\u00f6nnen Sie die Pflanze zwischen April und September einmal im Monat mit N\u00e4hrstoffen versorgen, um sie stark und gesund zu halten.<\/p>\n","protected":false},"excerpt":{"rendered":"<p>Einfach und zuverl\u00e4ssig &#8211; das beschreibt den Efeu gut! Diese Pflanze ist f\u00fcr jeden geeignet, der Gr\u00fcnzeug liebt, sich aber nicht st\u00e4ndig um seine Pflege k\u00fcmmern kann. Der Efeu braucht nicht viel Aufmerksamkeit &#8211; nur ab und zu einen Schluck Wasser und ein sch\u00f6nes Pl\u00e4tzchen drinnen oder drau\u00dfen, und die Pflanze w\u00e4chst fr\u00f6hlich vor sich hin.<\/p>\n","protected":false},"featured_media":3473,"comment_status":"closed","ping_status":"open","template":"","meta":{"_acf_changed":false},"product_brand":[],"product_cat":[257],"product_tag":[],"class_list":{"0":"post-3553","1":"product","2":"type-product","3":"status-publish","4":"has-post-thumbnail","6":"product_cat-fresh-air","7":"pa_location-halbschattig","8":"pa_location-schattig","9":"pa_plant-type-hedera","10":"pa_potsize-17-0","11":"pa_room-flur","12":"pa_room-kuche","13":"pa_room-schlafzimmer","14":"pa_room-wohnzimmer","15":"pa_size-s","17":"first","18":"instock","19":"product-type-simple"},"acf":[],"_links":{"self":[{"href":"https:\/\/greenisall.com\/de\/wp-json\/wp\/v2\/product\/3553","targetHints":{"allow":["GET"]}}],"collection":[{"href":"https:\/\/greenisall.com\/de\/wp-json\/wp\/v2\/product"}],"about":[{"href":"https:\/\/greenisall.com\/de\/wp-json\/wp\/v2\/types\/product"}],"replies":[{"embeddable":true,"href":"https:\/\/greenisall.com\/de\/wp-json\/wp\/v2\/comments?post=3553"}],"wp:featuredmedia":[{"embeddable":true,"href":"https:\/\/greenisall.com\/de\/wp-json\/wp\/v2\/media\/3473"}],"wp:attachment":[{"href":"https:\/\/greenisall.com\/de\/wp-json\/wp\/v2\/media?parent=3553"}],"wp:term":[{"taxonomy":"product_brand","embeddable":true,"href":"https:\/\/greenisall.com\/de\/wp-json\/wp\/v2\/product_brand?post=3553"},{"taxonomy":"product_cat","embeddable":true,"href":"https:\/\/greenisall.com\/de\/wp-json\/wp\/v2\/product_cat?post=3553"},{"taxonomy":"product_tag","embeddable":true,"href":"https:\/\/greenisall.com\/de\/wp-json\/wp\/v2\/product_tag?post=3553"}],"curies":[{"name":"wp","href":"https:\/\/api.w.org\/{rel}","templated":true}]}}