{"id":3555,"date":"2022-05-16T10:29:21","date_gmt":"2022-05-16T09:29:21","guid":{"rendered":"https:\/\/fidev.nl\/wp9\/p\/cupressus-gold-crest-wilma-17cm\/"},"modified":"2022-05-16T13:27:10","modified_gmt":"2022-05-16T12:27:10","slug":"cupressus-gold-crest-wilma-17cm","status":"publish","type":"product","link":"https:\/\/greenisall.com\/de\/p\/cupressus-gold-crest-wilma-17cm\/","title":{"rendered":"Cupressus Gold Crest Wilma 17cm"},"content":{"rendered":"<p>Koniferen sind normalerweise f\u00fcr den Au\u00dfenbereich gedacht &#8211; diese Sorte eignet sich besonders gut f\u00fcr das Wohnzimmer oder vor der Haust\u00fcr, wo sie ein wenig gesch\u00fctzt stehen kann. Oft wird diese Pflanze in einem Korb oder K\u00fcbel als h\u00fcbsche Herbstdekoration arrangiert.<\/p>\n","protected":false},"excerpt":{"rendered":"<p>Eine Konifere f\u00fcr das Wohnzimmer mit einer auff\u00e4lligen gelb-gr\u00fcnen Farbe!<\/p>\n","protected":false},"featured_media":3481,"comment_status":"closed","ping_status":"open","template":"","meta":{"_acf_changed":false},"product_brand":[],"product_cat":[254],"product_tag":[],"class_list":{"0":"post-3555","1":"product","2":"type-product","3":"status-publish","4":"has-post-thumbnail","6":"product_cat-relaxing","7":"pa_location-halbschattig","8":"pa_plant-type-cupressus","9":"pa_potsize-17-0","10":"pa_room-draussen","11":"pa_room-flur","12":"pa_room-wohnzimmer","13":"pa_size-m","15":"first","16":"instock","17":"product-type-simple"},"acf":[],"_links":{"self":[{"href":"https:\/\/greenisall.com\/de\/wp-json\/wp\/v2\/product\/3555","targetHints":{"allow":["GET"]}}],"collection":[{"href":"https:\/\/greenisall.com\/de\/wp-json\/wp\/v2\/product"}],"about":[{"href":"https:\/\/greenisall.com\/de\/wp-json\/wp\/v2\/types\/product"}],"replies":[{"embeddable":true,"href":"https:\/\/greenisall.com\/de\/wp-json\/wp\/v2\/comments?post=3555"}],"wp:featuredmedia":[{"embeddable":true,"href":"https:\/\/greenisall.com\/de\/wp-json\/wp\/v2\/media\/3481"}],"wp:attachment":[{"href":"https:\/\/greenisall.com\/de\/wp-json\/wp\/v2\/media?parent=3555"}],"wp:term":[{"taxonomy":"product_brand","embeddable":true,"href":"https:\/\/greenisall.com\/de\/wp-json\/wp\/v2\/product_brand?post=3555"},{"taxonomy":"product_cat","embeddable":true,"href":"https:\/\/greenisall.com\/de\/wp-json\/wp\/v2\/product_cat?post=3555"},{"taxonomy":"product_tag","embeddable":true,"href":"https:\/\/greenisall.com\/de\/wp-json\/wp\/v2\/product_tag?post=3555"}],"curies":[{"name":"wp","href":"https:\/\/api.w.org\/{rel}","templated":true}]}}