{"id":3556,"date":"2022-05-16T10:29:21","date_gmt":"2022-05-16T09:29:21","guid":{"rendered":"https:\/\/fidev.nl\/wp9\/p\/ficus-lyrata-21cm\/"},"modified":"2022-05-16T13:27:13","modified_gmt":"2022-05-16T12:27:13","slug":"ficus-lyrata-21cm","status":"publish","type":"product","link":"https:\/\/greenisall.com\/de\/p\/ficus-lyrata-21cm\/","title":{"rendered":"Ficus Lyrata 21cm"},"content":{"rendered":"<p>Der Ficus Lyrata ist eine wundersch\u00f6ne tropische Pflanze, die sich in jeder Einrichtung gut macht! Die Pflanze ist auch als &#8222;Stiefm\u00fctterchen&#8220; bekannt. Die Bl\u00e4tter sind breit. Die gro\u00dfen Bl\u00e4tter sind dick, gl\u00e4nzend und haben helle Adern. Die St\u00e4ngel wachsen gerade nach oben. Ficus Lyrata ist eine Luftreinigungspflanze. Die Pflanze absorbiert Schadstoffe aus der Luft und wandelt sie in Sauerstoff um.<\/p>\n","protected":false},"excerpt":{"rendered":"<p>Ficus Lyrata ist auch als Geigenfeige bekannt. Die Pflanze zeichnet sich durch ihre gro\u00dfen Bl\u00e4tter aus, die die Luft um sie herum reinigen.<\/p>\n","protected":false},"featured_media":3485,"comment_status":"closed","ping_status":"open","template":"","meta":{"_acf_changed":false},"product_brand":[],"product_cat":[254],"product_tag":[],"class_list":{"0":"post-3556","1":"product","2":"type-product","3":"status-publish","4":"has-post-thumbnail","6":"product_cat-relaxing","7":"pa_location-halbschattig","8":"pa_plant-type-ficus","9":"pa_potsize-21-0","10":"pa_room-schlafzimmer","11":"pa_room-wohnzimmer","12":"pa_size-l","14":"first","15":"instock","16":"product-type-simple"},"acf":[],"_links":{"self":[{"href":"https:\/\/greenisall.com\/de\/wp-json\/wp\/v2\/product\/3556","targetHints":{"allow":["GET"]}}],"collection":[{"href":"https:\/\/greenisall.com\/de\/wp-json\/wp\/v2\/product"}],"about":[{"href":"https:\/\/greenisall.com\/de\/wp-json\/wp\/v2\/types\/product"}],"replies":[{"embeddable":true,"href":"https:\/\/greenisall.com\/de\/wp-json\/wp\/v2\/comments?post=3556"}],"wp:featuredmedia":[{"embeddable":true,"href":"https:\/\/greenisall.com\/de\/wp-json\/wp\/v2\/media\/3485"}],"wp:attachment":[{"href":"https:\/\/greenisall.com\/de\/wp-json\/wp\/v2\/media?parent=3556"}],"wp:term":[{"taxonomy":"product_brand","embeddable":true,"href":"https:\/\/greenisall.com\/de\/wp-json\/wp\/v2\/product_brand?post=3556"},{"taxonomy":"product_cat","embeddable":true,"href":"https:\/\/greenisall.com\/de\/wp-json\/wp\/v2\/product_cat?post=3556"},{"taxonomy":"product_tag","embeddable":true,"href":"https:\/\/greenisall.com\/de\/wp-json\/wp\/v2\/product_tag?post=3556"}],"curies":[{"name":"wp","href":"https:\/\/api.w.org\/{rel}","templated":true}]}}