{"id":3557,"date":"2022-05-16T10:29:21","date_gmt":"2022-05-16T09:29:21","guid":{"rendered":"https:\/\/fidev.nl\/wp9\/p\/zamioculcas-4-5-veren\/"},"modified":"2022-05-16T13:27:13","modified_gmt":"2022-05-16T12:27:13","slug":"zamioculcas-4-5-veren","status":"publish","type":"product","link":"https:\/\/greenisall.com\/de\/p\/zamioculcas-4-5-veren\/","title":{"rendered":"Zamioculcas 4-5 veren"},"content":{"rendered":"<p>Der Bogenhanf geh\u00f6rt zu den einfachsten Zimmerpflanzen, die wir kennen. Das charakteristische, breite, gelbgr\u00fcne Laub w\u00e4chst kerzengerade in die H\u00f6he und kann sogar Feuchtigkeit speichern. Deshalb brauchen Sie sich keine Sorgen zu machen, falls Sie einmal vergessen zu gie\u00dfen.<\/p>\n","protected":false},"excerpt":{"rendered":"<p>Die Zamioculcas hat einzigartige Eigenschaften: Die Pflanze kann N\u00e4hrstoffe und Wasser speichern und sich trotzdem \u00fcber einen langen Zeitraum selbst versorgen. Das macht die Zamioculcas zu einer sehr kr\u00e4ftigen Pflanze, die jeder genie\u00dfen kann!<\/p>\n","protected":false},"featured_media":3489,"comment_status":"closed","ping_status":"open","template":"","meta":{"_acf_changed":false},"product_brand":[],"product_cat":[256],"product_tag":[],"class_list":{"0":"post-3557","1":"product","2":"type-product","3":"status-publish","4":"has-post-thumbnail","6":"product_cat-easy-care","7":"pa_location-halbschattig","8":"pa_location-schattig","9":"pa_plant-type-zamioculcas","10":"pa_potsize-17-0","11":"pa_room-flur","12":"pa_room-kuche","13":"pa_room-schlafzimmer","14":"pa_room-wohnzimmer","15":"pa_size-m","17":"first","18":"instock","19":"product-type-simple"},"acf":[],"_links":{"self":[{"href":"https:\/\/greenisall.com\/de\/wp-json\/wp\/v2\/product\/3557","targetHints":{"allow":["GET"]}}],"collection":[{"href":"https:\/\/greenisall.com\/de\/wp-json\/wp\/v2\/product"}],"about":[{"href":"https:\/\/greenisall.com\/de\/wp-json\/wp\/v2\/types\/product"}],"replies":[{"embeddable":true,"href":"https:\/\/greenisall.com\/de\/wp-json\/wp\/v2\/comments?post=3557"}],"wp:featuredmedia":[{"embeddable":true,"href":"https:\/\/greenisall.com\/de\/wp-json\/wp\/v2\/media\/3489"}],"wp:attachment":[{"href":"https:\/\/greenisall.com\/de\/wp-json\/wp\/v2\/media?parent=3557"}],"wp:term":[{"taxonomy":"product_brand","embeddable":true,"href":"https:\/\/greenisall.com\/de\/wp-json\/wp\/v2\/product_brand?post=3557"},{"taxonomy":"product_cat","embeddable":true,"href":"https:\/\/greenisall.com\/de\/wp-json\/wp\/v2\/product_cat?post=3557"},{"taxonomy":"product_tag","embeddable":true,"href":"https:\/\/greenisall.com\/de\/wp-json\/wp\/v2\/product_tag?post=3557"}],"curies":[{"name":"wp","href":"https:\/\/api.w.org\/{rel}","templated":true}]}}