{"id":3559,"date":"2022-05-16T10:29:21","date_gmt":"2022-05-16T09:29:21","guid":{"rendered":"https:\/\/fidev.nl\/wp9\/p\/pachira-aquatica-17cm\/"},"modified":"2022-05-16T13:27:15","modified_gmt":"2022-05-16T12:27:15","slug":"pachira-aquatica-17cm","status":"publish","type":"product","link":"https:\/\/greenisall.com\/de\/p\/pachira-aquatica-17cm\/","title":{"rendered":"Pachira aquatica 17cm"},"content":{"rendered":"<p>Der Pachira ist auch unter dem Namen Watercacao bekannt. Der Stamm der Pflanze ist sch\u00f6n geflochten und endet in einer gr\u00fcnen Blattkrone. Im St\u00e4ngel kann die Pflanze Feuchtigkeit speichern, was ziemlich clever ist! Auf diese Weise kann die Pflanze auch kurze Phasen \u00fcberstehen, in denen sie nicht regelm\u00e4\u00dfig gegossen wird. Sollte der Kopf der Pflanze zu gro\u00df werden, kann die Zwiebel leicht beschnitten werden.<\/p>\n","protected":false},"excerpt":{"rendered":"<p>Die Pachira hat viele Vorteile: Sie reinigt die Luft, sie w\u00e4chst an einem Holzstamm, der Feuchtigkeit speichert, und sie braucht nur wenig Platz, um im Haus zu leuchten. Die sch\u00f6ne, intensiv gr\u00fcne Blattkrone kann betr\u00e4chtlich wachsen, wenn die Pflanze zufrieden ist. Wenn die Krone zu gro\u00df wird, k\u00f6nnen Sie sie leicht k\u00fcrzen.<\/p>\n","protected":false},"featured_media":3497,"comment_status":"closed","ping_status":"open","template":"","meta":{"_acf_changed":false},"product_brand":[],"product_cat":[254],"product_tag":[],"class_list":{"0":"post-3559","1":"product","2":"type-product","3":"status-publish","4":"has-post-thumbnail","6":"product_cat-relaxing","7":"pa_location-halbschattig","8":"pa_plant-type-pachira","9":"pa_potsize-17-0","10":"pa_room-wohnzimmer","11":"pa_size-m","13":"first","14":"instock","15":"product-type-simple"},"acf":[],"_links":{"self":[{"href":"https:\/\/greenisall.com\/de\/wp-json\/wp\/v2\/product\/3559","targetHints":{"allow":["GET"]}}],"collection":[{"href":"https:\/\/greenisall.com\/de\/wp-json\/wp\/v2\/product"}],"about":[{"href":"https:\/\/greenisall.com\/de\/wp-json\/wp\/v2\/types\/product"}],"replies":[{"embeddable":true,"href":"https:\/\/greenisall.com\/de\/wp-json\/wp\/v2\/comments?post=3559"}],"wp:featuredmedia":[{"embeddable":true,"href":"https:\/\/greenisall.com\/de\/wp-json\/wp\/v2\/media\/3497"}],"wp:attachment":[{"href":"https:\/\/greenisall.com\/de\/wp-json\/wp\/v2\/media?parent=3559"}],"wp:term":[{"taxonomy":"product_brand","embeddable":true,"href":"https:\/\/greenisall.com\/de\/wp-json\/wp\/v2\/product_brand?post=3559"},{"taxonomy":"product_cat","embeddable":true,"href":"https:\/\/greenisall.com\/de\/wp-json\/wp\/v2\/product_cat?post=3559"},{"taxonomy":"product_tag","embeddable":true,"href":"https:\/\/greenisall.com\/de\/wp-json\/wp\/v2\/product_tag?post=3559"}],"curies":[{"name":"wp","href":"https:\/\/api.w.org\/{rel}","templated":true}]}}