{"id":3560,"date":"2022-05-16T10:29:21","date_gmt":"2022-05-16T09:29:21","guid":{"rendered":"https:\/\/fidev.nl\/wp9\/p\/schefflera-gold-capella-21cm\/"},"modified":"2022-05-16T13:27:16","modified_gmt":"2022-05-16T12:27:16","slug":"schefflera-gold-capella-21cm","status":"publish","type":"product","link":"https:\/\/greenisall.com\/de\/p\/schefflera-gold-capella-21cm\/","title":{"rendered":"Schefflera Gold Capella 21cm"},"content":{"rendered":"<p>Die Schefflera verdankt ihren Namen Fingerbaum den Bl\u00e4ttern, die an eine Hand mit ein paar Fingern zu viel erinnern. Die Bl\u00e4tter der Schefflera Gold Capella sind dunkel mit &#8222;goldenen&#8220; Akzenten. Da die Pflanze schnell w\u00e4chst, wird die Schefflera oft mit einem Moosstab gekauft, an den sich die Pflanze anlehnen kann.<\/p>\n","protected":false},"excerpt":{"rendered":"<p>Die Schefflera ist besser bekannt als der Fingerbaum. Die Bl\u00e4tter der Pflanze haben eine fingerartige Form.<\/p>\n","protected":false},"featured_media":3501,"comment_status":"closed","ping_status":"open","template":"","meta":{"_acf_changed":false},"product_brand":[],"product_cat":[254],"product_tag":[],"class_list":{"0":"post-3560","1":"product","2":"type-product","3":"status-publish","4":"has-post-thumbnail","6":"product_cat-relaxing","7":"pa_location-halbschattig","8":"pa_plant-type-schefflera","9":"pa_potsize-21-0","10":"pa_room-wohnzimmer","11":"pa_size-m","13":"first","14":"instock","15":"product-type-simple"},"acf":[],"_links":{"self":[{"href":"https:\/\/greenisall.com\/de\/wp-json\/wp\/v2\/product\/3560","targetHints":{"allow":["GET"]}}],"collection":[{"href":"https:\/\/greenisall.com\/de\/wp-json\/wp\/v2\/product"}],"about":[{"href":"https:\/\/greenisall.com\/de\/wp-json\/wp\/v2\/types\/product"}],"replies":[{"embeddable":true,"href":"https:\/\/greenisall.com\/de\/wp-json\/wp\/v2\/comments?post=3560"}],"wp:featuredmedia":[{"embeddable":true,"href":"https:\/\/greenisall.com\/de\/wp-json\/wp\/v2\/media\/3501"}],"wp:attachment":[{"href":"https:\/\/greenisall.com\/de\/wp-json\/wp\/v2\/media?parent=3560"}],"wp:term":[{"taxonomy":"product_brand","embeddable":true,"href":"https:\/\/greenisall.com\/de\/wp-json\/wp\/v2\/product_brand?post=3560"},{"taxonomy":"product_cat","embeddable":true,"href":"https:\/\/greenisall.com\/de\/wp-json\/wp\/v2\/product_cat?post=3560"},{"taxonomy":"product_tag","embeddable":true,"href":"https:\/\/greenisall.com\/de\/wp-json\/wp\/v2\/product_tag?post=3560"}],"curies":[{"name":"wp","href":"https:\/\/api.w.org\/{rel}","templated":true}]}}