{"id":3561,"date":"2022-05-16T10:29:21","date_gmt":"2022-05-16T09:29:21","guid":{"rendered":"https:\/\/fidev.nl\/wp9\/p\/dracaena-caroussel-golden-coast\/"},"modified":"2022-05-16T13:27:16","modified_gmt":"2022-05-16T12:27:16","slug":"dracaena-caroussel-golden-coast","status":"publish","type":"product","link":"https:\/\/greenisall.com\/de\/p\/dracaena-caroussel-golden-coast\/","title":{"rendered":"Dracaena Caroussel Golden Coast"},"content":{"rendered":"<p>Diese Dracaena ist an ihren dunkelgr\u00fcnen Bl\u00e4ttern mit gelbem Rand zu erkennen. Die Dracaena ist eine kr\u00e4ftige Pflanze und braucht wenig Wasser. Ein einfacher Mitbewohner also! Laut der NASA Clean Air Studie ist die Dracaena ein ausgezeichneter Luftreiniger. Die Pflanze absorbiert Schadstoffe aus der Luft und wandelt sie in Sauerstoff um. Die Pflanze k\u00fcmmert sich also auch um Sie!<\/p>\n","protected":false},"excerpt":{"rendered":"<p>Nicht nur wir Menschen sorgen f\u00fcr die Pflanzen &#8211; auch die Pflanzen sorgen f\u00fcr uns! Laut der NASA Clean Air Studie ist der Drachenbaum ein ausgezeichneter Luftreiniger. Die Pflanze wird oft als Zimmerpflanze oder in \u00f6ffentlichen R\u00e4umen verwendet. Auch im B\u00fcro verrichtet er seinen Dienst, indem er Schadstoffe aus Druckern und M\u00f6beln in Sauerstoff umwandelt, den er dann wieder an die Luft abgibt.<\/p>\n","protected":false},"featured_media":3505,"comment_status":"closed","ping_status":"open","template":"","meta":{"_acf_changed":false},"product_brand":[],"product_cat":[255],"product_tag":[],"class_list":{"0":"post-3561","1":"product","2":"type-product","3":"status-publish","4":"has-post-thumbnail","6":"product_cat-furniture","7":"pa_location-halbschattig","8":"pa_plant-type-dracaena","9":"pa_potsize-17-0","10":"pa_room-schlafzimmer","11":"pa_room-wohnzimmer","12":"pa_size-s","14":"first","15":"instock","16":"product-type-simple"},"acf":[],"_links":{"self":[{"href":"https:\/\/greenisall.com\/de\/wp-json\/wp\/v2\/product\/3561","targetHints":{"allow":["GET"]}}],"collection":[{"href":"https:\/\/greenisall.com\/de\/wp-json\/wp\/v2\/product"}],"about":[{"href":"https:\/\/greenisall.com\/de\/wp-json\/wp\/v2\/types\/product"}],"replies":[{"embeddable":true,"href":"https:\/\/greenisall.com\/de\/wp-json\/wp\/v2\/comments?post=3561"}],"wp:featuredmedia":[{"embeddable":true,"href":"https:\/\/greenisall.com\/de\/wp-json\/wp\/v2\/media\/3505"}],"wp:attachment":[{"href":"https:\/\/greenisall.com\/de\/wp-json\/wp\/v2\/media?parent=3561"}],"wp:term":[{"taxonomy":"product_brand","embeddable":true,"href":"https:\/\/greenisall.com\/de\/wp-json\/wp\/v2\/product_brand?post=3561"},{"taxonomy":"product_cat","embeddable":true,"href":"https:\/\/greenisall.com\/de\/wp-json\/wp\/v2\/product_cat?post=3561"},{"taxonomy":"product_tag","embeddable":true,"href":"https:\/\/greenisall.com\/de\/wp-json\/wp\/v2\/product_tag?post=3561"}],"curies":[{"name":"wp","href":"https:\/\/api.w.org\/{rel}","templated":true}]}}