{"id":3564,"date":"2022-05-16T10:29:39","date_gmt":"2022-05-16T09:29:39","guid":{"rendered":"https:\/\/fidev.nl\/wp9\/p\/dracaena-marginata-60-30-15\/"},"modified":"2022-05-16T13:27:19","modified_gmt":"2022-05-16T12:27:19","slug":"dracaena-marginata-60-30-15","status":"publish","type":"product","link":"https:\/\/greenisall.com\/de\/p\/dracaena-marginata-60-30-15\/","title":{"rendered":"Dracaena Marginata 60-30-15"},"content":{"rendered":"<p>Die Dracaena Marginata hat ein sch\u00f6nes tropisches Aussehen. Diese Dracaena hat einen dicken Stamm und l\u00e4ngliche Bl\u00e4tter. Die Bl\u00e4tter sind dunkelgr\u00fcn und haben einen dekorativen roten Rand. Erst ragen sie in die H\u00f6he und dann biegen sie sich nach unten. Die Dracaena braucht nicht viel Licht. Die Pflanze ist pflegeleicht und braucht relativ wenig Wasser. Perfekt f\u00fcr Menschen mit weniger gr\u00fcnem Daumen! Au\u00dferdem k\u00fcmmert sich diese Pflanze auch um Sie. Laut der NASA Clean Air Studie ist die Dracaena ein ausgezeichneter Luftreiniger. Die Pflanze absorbiert Schadstoffe aus der Luft und wandelt sie in Sauerstoff um.<\/p>\n","protected":false},"excerpt":{"rendered":"<p>Nicht nur wir Menschen sorgen f\u00fcr die Pflanzen &#8211; auch die Pflanzen sorgen f\u00fcr uns! Laut der NASA Clean Air Studie ist der Drachenbaum ein ausgezeichneter Luftreiniger. Die Pflanze wird oft als Zimmerpflanze oder in \u00f6ffentlichen R\u00e4umen verwendet. Auch im B\u00fcro verrichtet er seinen Dienst, indem er Schadstoffe aus Druckern und M\u00f6beln in Sauerstoff umwandelt, den er dann wieder an die Luft abgibt.<\/p>\n","protected":false},"featured_media":3517,"comment_status":"closed","ping_status":"open","template":"","meta":{"_acf_changed":false},"product_brand":[],"product_cat":[255],"product_tag":[],"class_list":{"0":"post-3564","1":"product","2":"type-product","3":"status-publish","4":"has-post-thumbnail","6":"product_cat-furniture","7":"pa_plant-type-dracaena","8":"pa_potsize-21-0","9":"pa_room-schlafzimmer","10":"pa_room-wohnzimmer","12":"first","13":"instock","14":"product-type-simple"},"acf":[],"_links":{"self":[{"href":"https:\/\/greenisall.com\/de\/wp-json\/wp\/v2\/product\/3564","targetHints":{"allow":["GET"]}}],"collection":[{"href":"https:\/\/greenisall.com\/de\/wp-json\/wp\/v2\/product"}],"about":[{"href":"https:\/\/greenisall.com\/de\/wp-json\/wp\/v2\/types\/product"}],"replies":[{"embeddable":true,"href":"https:\/\/greenisall.com\/de\/wp-json\/wp\/v2\/comments?post=3564"}],"wp:featuredmedia":[{"embeddable":true,"href":"https:\/\/greenisall.com\/de\/wp-json\/wp\/v2\/media\/3517"}],"wp:attachment":[{"href":"https:\/\/greenisall.com\/de\/wp-json\/wp\/v2\/media?parent=3564"}],"wp:term":[{"taxonomy":"product_brand","embeddable":true,"href":"https:\/\/greenisall.com\/de\/wp-json\/wp\/v2\/product_brand?post=3564"},{"taxonomy":"product_cat","embeddable":true,"href":"https:\/\/greenisall.com\/de\/wp-json\/wp\/v2\/product_cat?post=3564"},{"taxonomy":"product_tag","embeddable":true,"href":"https:\/\/greenisall.com\/de\/wp-json\/wp\/v2\/product_tag?post=3564"}],"curies":[{"name":"wp","href":"https:\/\/api.w.org\/{rel}","templated":true}]}}