{"id":3565,"date":"2022-05-16T10:29:39","date_gmt":"2022-05-16T09:29:39","guid":{"rendered":"https:\/\/fidev.nl\/wp9\/p\/sanseviera-laurentii-21cm\/"},"modified":"2022-05-16T13:27:21","modified_gmt":"2022-05-16T12:27:21","slug":"sanseviera-laurentii-21cm","status":"publish","type":"product","link":"https:\/\/greenisall.com\/de\/p\/sanseviera-laurentii-21cm\/","title":{"rendered":"Sanseviera Laurentii 21cm"},"content":{"rendered":"<p>Die Sansevieria ist wahrscheinlich eine der einfachsten Pflanzen unter den Zimmerpflanzen. Die charakteristischen, breiten gelbgr\u00fcnen Bl\u00e4tter leuchten wundersch\u00f6n und k\u00f6nnen sogar Feuchtigkeit speichern. Sie brauchen also keine Angst zu haben, wenn Sie einmal vergessen, die Pflanze zu gie\u00dfen.<\/p>\n","protected":false},"excerpt":{"rendered":"<p>Die Sansevieria hat eine ganz besondere Eigenschaft: Die Pflanze kann N\u00e4hrstoffe und Wasser speichern und sich trotzdem \u00fcber einen l\u00e4ngeren Zeitraum selbst versorgen. Das macht die Sansevieria zu einer lohnenden und einfachen Zimmerpflanze f\u00fcr jedermann.<\/p>\n","protected":false},"featured_media":3521,"comment_status":"closed","ping_status":"open","template":"","meta":{"_acf_changed":false},"product_brand":[],"product_cat":[256],"product_tag":[],"class_list":{"0":"post-3565","1":"product","2":"type-product","3":"status-publish","4":"has-post-thumbnail","6":"product_cat-easy-care","7":"pa_location-halbschattig","8":"pa_location-schattig","9":"pa_location-sonnig","10":"pa_plant-type-sansevieria","11":"pa_potsize-21-0","12":"pa_room-flur","13":"pa_room-kuche","14":"pa_room-schlafzimmer","15":"pa_room-wohnzimmer","16":"pa_size-m","18":"first","19":"instock","20":"product-type-simple"},"acf":[],"_links":{"self":[{"href":"https:\/\/greenisall.com\/de\/wp-json\/wp\/v2\/product\/3565","targetHints":{"allow":["GET"]}}],"collection":[{"href":"https:\/\/greenisall.com\/de\/wp-json\/wp\/v2\/product"}],"about":[{"href":"https:\/\/greenisall.com\/de\/wp-json\/wp\/v2\/types\/product"}],"replies":[{"embeddable":true,"href":"https:\/\/greenisall.com\/de\/wp-json\/wp\/v2\/comments?post=3565"}],"wp:featuredmedia":[{"embeddable":true,"href":"https:\/\/greenisall.com\/de\/wp-json\/wp\/v2\/media\/3521"}],"wp:attachment":[{"href":"https:\/\/greenisall.com\/de\/wp-json\/wp\/v2\/media?parent=3565"}],"wp:term":[{"taxonomy":"product_brand","embeddable":true,"href":"https:\/\/greenisall.com\/de\/wp-json\/wp\/v2\/product_brand?post=3565"},{"taxonomy":"product_cat","embeddable":true,"href":"https:\/\/greenisall.com\/de\/wp-json\/wp\/v2\/product_cat?post=3565"},{"taxonomy":"product_tag","embeddable":true,"href":"https:\/\/greenisall.com\/de\/wp-json\/wp\/v2\/product_tag?post=3565"}],"curies":[{"name":"wp","href":"https:\/\/api.w.org\/{rel}","templated":true}]}}